{"id":3636,"date":"2020-12-22T15:47:37","date_gmt":"2020-12-22T15:47:37","guid":{"rendered":"https:\/\/festivalorigenes.com\/protagonistes\/"},"modified":"2023-07-26T06:37:55","modified_gmt":"2023-07-26T06:37:55","slug":"protagonistes","status":"publish","type":"page","link":"https:\/\/festivalorigenes.com\/ca\/protagonistes\/","title":{"rendered":"Protagonistes"},"content":{"rendered":"\t\t<div data-elementor-type=\"wp-page\" data-elementor-id=\"3636\" class=\"elementor elementor-3636 elementor-88\" data-elementor-post-type=\"page\">\n\t\t\t\t\t\t<section class=\"elementor-section elementor-top-section elementor-element elementor-element-691be173 elementor-section-full_width elementor-section-height-min-height elementor-section-height-default elementor-section-items-middle\" data-id=\"691be173\" data-element_type=\"section\">\n\t\t\t\t\t\t\t<div class=\"elementor-background-overlay\"><\/div>\n\t\t\t\t\t\t\t<div class=\"elementor-container elementor-column-gap-default\">\n\t\t\t\t\t<div class=\"elementor-column elementor-col-100 elementor-top-column elementor-element elementor-element-13f38840\" data-id=\"13f38840\" data-element_type=\"column\">\n\t\t\t<div class=\"elementor-widget-wrap elementor-element-populated\">\n\t\t\t\t\t\t<div class=\"elementor-element elementor-element-56d44b1b elementor-widget elementor-widget-heading\" data-id=\"56d44b1b\" data-element_type=\"widget\" data-widget_type=\"heading.default\">\n\t\t\t\t<div class=\"elementor-widget-container\">\n\t\t\t\t\t<h2 class=\"elementor-heading-title elementor-size-default\">Protagonistes<\/h2>\t\t\t\t<\/div>\n\t\t\t\t<\/div>\n\t\t\t\t\t<\/div>\n\t\t<\/div>\n\t\t\t\t\t<\/div>\n\t\t<\/section>\n\t\t\t\t<section class=\"elementor-section elementor-top-section elementor-element elementor-element-2a908644 elementor-section-boxed elementor-section-height-default elementor-section-height-default\" data-id=\"2a908644\" data-element_type=\"section\">\n\t\t\t\t\t\t<div class=\"elementor-container elementor-column-gap-default\">\n\t\t\t\t\t<div class=\"elementor-column elementor-col-100 elementor-top-column elementor-element elementor-element-3e70167b\" data-id=\"3e70167b\" data-element_type=\"column\">\n\t\t\t<div class=\"elementor-widget-wrap elementor-element-populated\">\n\t\t\t\t\t\t<div class=\"elementor-element elementor-element-39e0b3be elementor-widget elementor-widget-heading\" data-id=\"39e0b3be\" data-element_type=\"widget\" data-widget_type=\"heading.default\">\n\t\t\t\t<div class=\"elementor-widget-container\">\n\t\t\t\t\t<h2 class=\"elementor-heading-title elementor-size-default\">Passi\u00f3, Autenticitat i Comprom\u00eds<\/h2>\t\t\t\t<\/div>\n\t\t\t\t<\/div>\n\t\t\t\t\t<\/div>\n\t\t<\/div>\n\t\t\t\t\t<\/div>\n\t\t<\/section>\n\t\t\t\t<section class=\"elementor-section elementor-top-section elementor-element elementor-element-8b3f093 elementor-section-boxed elementor-section-height-default elementor-section-height-default\" data-id=\"8b3f093\" data-element_type=\"section\" data-settings=\"{&quot;background_background&quot;:&quot;classic&quot;}\">\n\t\t\t\t\t\t<div class=\"elementor-container elementor-column-gap-no\">\n\t\t\t\t\t<div class=\"elementor-column elementor-col-100 elementor-top-column elementor-element elementor-element-a887d07\" data-id=\"a887d07\" data-element_type=\"column\">\n\t\t\t<div class=\"elementor-widget-wrap elementor-element-populated\">\n\t\t\t\t\t\t<div class=\"elementor-element elementor-element-43b2f4c elementor-widget elementor-widget-text-editor\" data-id=\"43b2f4c\" data-element_type=\"widget\" data-widget_type=\"text-editor.default\">\n\t\t\t\t<div class=\"elementor-widget-container\">\n\t\t\t\t\t\t\t\t\t<p>Estem treballant a la nostra propera edici\u00f3 2023. Mentrestant pots fer una ullada als protagonistes de les nostres passades edicions.<\/p>\n\t\t\t\t\t\t\t\t<\/div>\n\t\t\t\t<\/div>\n\t\t\t\t<section class=\"elementor-section elementor-inner-section elementor-element elementor-element-51a4817 elementor-section-boxed elementor-section-height-default elementor-section-height-default\" data-id=\"51a4817\" data-element_type=\"section\">\n\t\t\t\t\t\t<div class=\"elementor-container elementor-column-gap-default\">\n\t\t\t\t\t<div class=\"elementor-column elementor-col-33 elementor-inner-column elementor-element elementor-element-9ef12cd\" data-id=\"9ef12cd\" data-element_type=\"column\">\n\t\t\t<div class=\"elementor-widget-wrap elementor-element-populated\">\n\t\t\t\t\t\t<div class=\"elementor-element elementor-element-2b0d741 elementor-align-center elementor-widget elementor-widget-button\" data-id=\"2b0d741\" data-element_type=\"widget\" data-widget_type=\"button.default\">\n\t\t\t\t<div class=\"elementor-widget-container\">\n\t\t\t\t\t\t\t\t\t<div class=\"elementor-button-wrapper\">\n\t\t\t\t\t<a class=\"elementor-button elementor-button-link elementor-size-lg\" href=\"https:\/\/festivalorigenes.com\/ca\/protagonistes-2023\/\">\n\t\t\t\t\t\t<span class=\"elementor-button-content-wrapper\">\n\t\t\t\t\t\t\t\t\t<span class=\"elementor-button-text\">Protagonistes 2023<\/span>\n\t\t\t\t\t<\/span>\n\t\t\t\t\t<\/a>\n\t\t\t\t<\/div>\n\t\t\t\t\t\t\t\t<\/div>\n\t\t\t\t<\/div>\n\t\t\t\t\t<\/div>\n\t\t<\/div>\n\t\t\t\t<div class=\"elementor-column elementor-col-33 elementor-inner-column elementor-element elementor-element-0257aa2\" data-id=\"0257aa2\" data-element_type=\"column\">\n\t\t\t<div class=\"elementor-widget-wrap elementor-element-populated\">\n\t\t\t\t\t\t<div class=\"elementor-element elementor-element-55405a0 elementor-align-center elementor-widget elementor-widget-button\" data-id=\"55405a0\" data-element_type=\"widget\" data-widget_type=\"button.default\">\n\t\t\t\t<div class=\"elementor-widget-container\">\n\t\t\t\t\t\t\t\t\t<div class=\"elementor-button-wrapper\">\n\t\t\t\t\t<a class=\"elementor-button elementor-button-link elementor-size-lg\" href=\"https:\/\/festivalorigenes.com\/ca\/protagonistes-2022\/\">\n\t\t\t\t\t\t<span class=\"elementor-button-content-wrapper\">\n\t\t\t\t\t\t\t\t\t<span class=\"elementor-button-text\">Protagonistes 2022<\/span>\n\t\t\t\t\t<\/span>\n\t\t\t\t\t<\/a>\n\t\t\t\t<\/div>\n\t\t\t\t\t\t\t\t<\/div>\n\t\t\t\t<\/div>\n\t\t\t\t\t<\/div>\n\t\t<\/div>\n\t\t\t\t<div class=\"elementor-column elementor-col-33 elementor-inner-column elementor-element elementor-element-50ef320\" data-id=\"50ef320\" data-element_type=\"column\">\n\t\t\t<div class=\"elementor-widget-wrap elementor-element-populated\">\n\t\t\t\t\t\t<div class=\"elementor-element elementor-element-e858cdd elementor-align-center elementor-widget elementor-widget-button\" data-id=\"e858cdd\" data-element_type=\"widget\" data-widget_type=\"button.default\">\n\t\t\t\t<div class=\"elementor-widget-container\">\n\t\t\t\t\t\t\t\t\t<div class=\"elementor-button-wrapper\">\n\t\t\t\t\t<a class=\"elementor-button elementor-button-link elementor-size-lg\" href=\"https:\/\/festivalorigenes.com\/ca\/protagonistes-2021\/\">\n\t\t\t\t\t\t<span class=\"elementor-button-content-wrapper\">\n\t\t\t\t\t\t\t\t\t<span class=\"elementor-button-text\">Protagonistas 2021<\/span>\n\t\t\t\t\t<\/span>\n\t\t\t\t\t<\/a>\n\t\t\t\t<\/div>\n\t\t\t\t\t\t\t\t<\/div>\n\t\t\t\t<\/div>\n\t\t\t\t\t<\/div>\n\t\t<\/div>\n\t\t\t\t\t<\/div>\n\t\t<\/section>\n\t\t\t\t\t<\/div>\n\t\t<\/div>\n\t\t\t\t\t<\/div>\n\t\t<\/section>\n\t\t\t\t<section class=\"elementor-section elementor-top-section elementor-element elementor-element-31c3644d elementor-section-boxed elementor-section-height-default elementor-section-height-default\" data-id=\"31c3644d\" data-element_type=\"section\" data-settings=\"{&quot;background_background&quot;:&quot;classic&quot;}\">\n\t\t\t\t\t\t\t<div class=\"elementor-background-overlay\"><\/div>\n\t\t\t\t\t\t\t<div class=\"elementor-container elementor-column-gap-default\">\n\t\t\t\t\t<div class=\"elementor-column elementor-col-50 elementor-top-column elementor-element elementor-element-226ef075\" data-id=\"226ef075\" data-element_type=\"column\">\n\t\t\t<div class=\"elementor-widget-wrap elementor-element-populated\">\n\t\t\t\t\t\t<div class=\"elementor-element elementor-element-7f54a345 elementor-widget elementor-widget-heading\" data-id=\"7f54a345\" data-element_type=\"widget\" data-widget_type=\"heading.default\">\n\t\t\t\t<div class=\"elementor-widget-container\">\n\t\t\t\t\t<h5 class=\"elementor-heading-title elementor-size-large\">Inscriu-te i disfruta del viatge<\/h5>\t\t\t\t<\/div>\n\t\t\t\t<\/div>\n\t\t\t\t\t<\/div>\n\t\t<\/div>\n\t\t\t\t<div class=\"elementor-column elementor-col-50 elementor-top-column elementor-element elementor-element-5936ef21\" data-id=\"5936ef21\" data-element_type=\"column\">\n\t\t\t<div class=\"elementor-widget-wrap elementor-element-populated\">\n\t\t\t\t\t\t<div class=\"elementor-element elementor-element-6d67937d elementor-widget elementor-widget-html\" data-id=\"6d67937d\" data-element_type=\"widget\" data-widget_type=\"html.default\">\n\t\t\t\t<div class=\"elementor-widget-container\">\n\t\t\t\t\t<script charset=\"utf-8\" type=\"text\/javascript\" src=\"\/\/js-eu1.hsforms.net\/forms\/embed\/v2.js\"><\/script><script>hbspt.forms.create({\n    region: \"eu1\",\n    portalId: \"27089624\",\n    formId: \"2fcdac79-03cc-4f77-81ff-1b6df949d11c\"\n  });\n<\/script>\t\t\t\t<\/div>\n\t\t\t\t<\/div>\n\t\t\t\t\t<\/div>\n\t\t<\/div>\n\t\t\t\t\t<\/div>\n\t\t<\/section>\n\t\t\t\t<\/div>\n\t\t","protected":false},"excerpt":{"rendered":"<p>Protagonistes Passi\u00f3, Autenticitat i Comprom\u00eds Estem treballant a la nostra propera edici\u00f3 2023. Mentrestant pots fer una ullada als protagonistes de les nostres passades edicions. Protagonistes 2023 Protagonistes 2022 Protagonistas 2021 Inscriu-te i disfruta del viatge<\/p>\n","protected":false},"author":1,"featured_media":0,"parent":0,"menu_order":0,"comment_status":"closed","ping_status":"closed","template":"","meta":{"site-sidebar-layout":"no-sidebar","site-content-layout":"page-builder","ast-site-content-layout":"default","site-content-style":"default","site-sidebar-style":"default","ast-global-header-display":"","ast-banner-title-visibility":"","ast-main-header-display":"","ast-hfb-above-header-display":"","ast-hfb-below-header-display":"","ast-hfb-mobile-header-display":"","site-post-title":"disabled","ast-breadcrumbs-content":"","ast-featured-img":"disabled","footer-sml-layout":"","theme-transparent-header-meta":"disabled","adv-header-id-meta":"","stick-header-meta":"default","header-above-stick-meta":"","header-main-stick-meta":"","header-below-stick-meta":"","astra-migrate-meta-layouts":"default","ast-page-background-enabled":"default","ast-page-background-meta":{"desktop":{"background-color":"","background-image":"","background-repeat":"repeat","background-position":"center center","background-size":"auto","background-attachment":"scroll","background-type":"","background-media":"","overlay-type":"","overlay-color":"","overlay-opacity":"","overlay-gradient":""},"tablet":{"background-color":"","background-image":"","background-repeat":"repeat","background-position":"center center","background-size":"auto","background-attachment":"scroll","background-type":"","background-media":"","overlay-type":"","overlay-color":"","overlay-opacity":"","overlay-gradient":""},"mobile":{"background-color":"","background-image":"","background-repeat":"repeat","background-position":"center center","background-size":"auto","background-attachment":"scroll","background-type":"","background-media":"","overlay-type":"","overlay-color":"","overlay-opacity":"","overlay-gradient":""}},"ast-content-background-meta":{"desktop":{"background-color":"var(--ast-global-color-5)","background-image":"","background-repeat":"repeat","background-position":"center center","background-size":"auto","background-attachment":"scroll","background-type":"","background-media":"","overlay-type":"","overlay-color":"","overlay-opacity":"","overlay-gradient":""},"tablet":{"background-color":"var(--ast-global-color-5)","background-image":"","background-repeat":"repeat","background-position":"center center","background-size":"auto","background-attachment":"scroll","background-type":"","background-media":"","overlay-type":"","overlay-color":"","overlay-opacity":"","overlay-gradient":""},"mobile":{"background-color":"var(--ast-global-color-5)","background-image":"","background-repeat":"repeat","background-position":"center center","background-size":"auto","background-attachment":"scroll","background-type":"","background-media":"","overlay-type":"","overlay-color":"","overlay-opacity":"","overlay-gradient":""}},"footnotes":""},"class_list":["post-3636","page","type-page","status-publish","hentry"],"yoast_head":"<!-- This site is optimized with the Yoast SEO plugin v25.7 - https:\/\/yoast.com\/wordpress\/plugins\/seo\/ -->\n<title>Protagonistes - or\u00edGenes - Festival Gastron\u00f2mic<\/title>\n<meta name=\"description\" content=\"Els 12 protagonistes d&#039;or\u00edGenes s\u00f3n productors artesans locals acompanyats de productes d&#039;oriGen de qualitat amb t\u00e8cniques tradicionals i respecte per l&#039;entorn.\" \/>\n<meta name=\"robots\" content=\"index, follow, max-snippet:-1, max-image-preview:large, max-video-preview:-1\" \/>\n<link rel=\"canonical\" href=\"https:\/\/festivalorigenes.com\/ca\/protagonistes\/\" \/>\n<meta property=\"og:locale\" content=\"ca_ES\" \/>\n<meta property=\"og:type\" content=\"article\" \/>\n<meta property=\"og:title\" content=\"Protagonistes - or\u00edGenes - Festival Gastron\u00f2mic\" \/>\n<meta property=\"og:description\" content=\"Els 12 protagonistes d&#039;or\u00edGenes s\u00f3n productors artesans locals acompanyats de productes d&#039;oriGen de qualitat amb t\u00e8cniques tradicionals i respecte per l&#039;entorn.\" \/>\n<meta property=\"og:url\" content=\"https:\/\/festivalorigenes.com\/ca\/protagonistes\/\" \/>\n<meta property=\"og:site_name\" content=\"or\u00edGenes - Festival Gastron\u00f2mic\" \/>\n<meta property=\"article:publisher\" content=\"https:\/\/www.facebook.com\/origenesfestivalgastronomico\/\" \/>\n<meta property=\"article:modified_time\" content=\"2023-07-26T06:37:55+00:00\" \/>\n<meta name=\"twitter:card\" content=\"summary_large_image\" \/>\n<meta name=\"twitter:site\" content=\"@origenesfest\" \/>\n<meta name=\"twitter:label1\" content=\"Temps estimat de lectura\" \/>\n\t<meta name=\"twitter:data1\" content=\"1 minut\" \/>\n<script type=\"application\/ld+json\" class=\"yoast-schema-graph\">{\"@context\":\"https:\/\/schema.org\",\"@graph\":[{\"@type\":\"WebPage\",\"@id\":\"https:\/\/festivalorigenes.com\/ca\/protagonistes\/\",\"url\":\"https:\/\/festivalorigenes.com\/ca\/protagonistes\/\",\"name\":\"Protagonistes - or\u00edGenes - Festival Gastron\u00f2mic\",\"isPartOf\":{\"@id\":\"https:\/\/festivalorigenes.com\/ca\/#website\"},\"datePublished\":\"2020-12-22T15:47:37+00:00\",\"dateModified\":\"2023-07-26T06:37:55+00:00\",\"description\":\"Els 12 protagonistes d'or\u00edGenes s\u00f3n productors artesans locals acompanyats de productes d'oriGen de qualitat amb t\u00e8cniques tradicionals i respecte per l'entorn.\",\"breadcrumb\":{\"@id\":\"https:\/\/festivalorigenes.com\/ca\/protagonistes\/#breadcrumb\"},\"inLanguage\":\"ca\",\"potentialAction\":[{\"@type\":\"ReadAction\",\"target\":[\"https:\/\/festivalorigenes.com\/ca\/protagonistes\/\"]}]},{\"@type\":\"BreadcrumbList\",\"@id\":\"https:\/\/festivalorigenes.com\/ca\/protagonistes\/#breadcrumb\",\"itemListElement\":[{\"@type\":\"ListItem\",\"position\":1,\"name\":\"Portada\",\"item\":\"https:\/\/festivalorigenes.com\/ca\/\"},{\"@type\":\"ListItem\",\"position\":2,\"name\":\"Protagonistes\"}]},{\"@type\":\"WebSite\",\"@id\":\"https:\/\/festivalorigenes.com\/ca\/#website\",\"url\":\"https:\/\/festivalorigenes.com\/ca\/\",\"name\":\"or\u00edGenes - Festival Gastron\u00f2mic\",\"description\":\"\",\"publisher\":{\"@id\":\"https:\/\/festivalorigenes.com\/ca\/#organization\"},\"potentialAction\":[{\"@type\":\"SearchAction\",\"target\":{\"@type\":\"EntryPoint\",\"urlTemplate\":\"https:\/\/festivalorigenes.com\/ca\/?s={search_term_string}\"},\"query-input\":{\"@type\":\"PropertyValueSpecification\",\"valueRequired\":true,\"valueName\":\"search_term_string\"}}],\"inLanguage\":\"ca\"},{\"@type\":\"Organization\",\"@id\":\"https:\/\/festivalorigenes.com\/ca\/#organization\",\"name\":\"or\u00edGenes Festival Gastron\u00f2mic\",\"url\":\"https:\/\/festivalorigenes.com\/ca\/\",\"logo\":{\"@type\":\"ImageObject\",\"inLanguage\":\"ca\",\"@id\":\"https:\/\/festivalorigenes.com\/ca\/#\/schema\/logo\/image\/\",\"url\":\"https:\/\/festivalorigenes.com\/wp-content\/uploads\/2020\/11\/124151422_123321709577698_694323274832345559_n.png\",\"contentUrl\":\"https:\/\/festivalorigenes.com\/wp-content\/uploads\/2020\/11\/124151422_123321709577698_694323274832345559_n.png\",\"width\":401,\"height\":401,\"caption\":\"or\u00edGenes Festival Gastron\u00f2mic\"},\"image\":{\"@id\":\"https:\/\/festivalorigenes.com\/ca\/#\/schema\/logo\/image\/\"},\"sameAs\":[\"https:\/\/www.facebook.com\/origenesfestivalgastronomico\/\",\"https:\/\/x.com\/origenesfest\",\"https:\/\/www.instagram.com\/origenesfestivalgastronomico\/\",\"https:\/\/www.linkedin.com\/company\/or\u00edgenes-festival-gastron\u00f3mico\"]}]}<\/script>\n<!-- \/ Yoast SEO plugin. -->","yoast_head_json":{"title":"Protagonistes - or\u00edGenes - Festival Gastron\u00f2mic","description":"Els 12 protagonistes d'or\u00edGenes s\u00f3n productors artesans locals acompanyats de productes d'oriGen de qualitat amb t\u00e8cniques tradicionals i respecte per l'entorn.","robots":{"index":"index","follow":"follow","max-snippet":"max-snippet:-1","max-image-preview":"max-image-preview:large","max-video-preview":"max-video-preview:-1"},"canonical":"https:\/\/festivalorigenes.com\/ca\/protagonistes\/","og_locale":"ca_ES","og_type":"article","og_title":"Protagonistes - or\u00edGenes - Festival Gastron\u00f2mic","og_description":"Els 12 protagonistes d'or\u00edGenes s\u00f3n productors artesans locals acompanyats de productes d'oriGen de qualitat amb t\u00e8cniques tradicionals i respecte per l'entorn.","og_url":"https:\/\/festivalorigenes.com\/ca\/protagonistes\/","og_site_name":"or\u00edGenes - Festival Gastron\u00f2mic","article_publisher":"https:\/\/www.facebook.com\/origenesfestivalgastronomico\/","article_modified_time":"2023-07-26T06:37:55+00:00","twitter_card":"summary_large_image","twitter_site":"@origenesfest","twitter_misc":{"Temps estimat de lectura":"1 minut"},"schema":{"@context":"https:\/\/schema.org","@graph":[{"@type":"WebPage","@id":"https:\/\/festivalorigenes.com\/ca\/protagonistes\/","url":"https:\/\/festivalorigenes.com\/ca\/protagonistes\/","name":"Protagonistes - or\u00edGenes - Festival Gastron\u00f2mic","isPartOf":{"@id":"https:\/\/festivalorigenes.com\/ca\/#website"},"datePublished":"2020-12-22T15:47:37+00:00","dateModified":"2023-07-26T06:37:55+00:00","description":"Els 12 protagonistes d'or\u00edGenes s\u00f3n productors artesans locals acompanyats de productes d'oriGen de qualitat amb t\u00e8cniques tradicionals i respecte per l'entorn.","breadcrumb":{"@id":"https:\/\/festivalorigenes.com\/ca\/protagonistes\/#breadcrumb"},"inLanguage":"ca","potentialAction":[{"@type":"ReadAction","target":["https:\/\/festivalorigenes.com\/ca\/protagonistes\/"]}]},{"@type":"BreadcrumbList","@id":"https:\/\/festivalorigenes.com\/ca\/protagonistes\/#breadcrumb","itemListElement":[{"@type":"ListItem","position":1,"name":"Portada","item":"https:\/\/festivalorigenes.com\/ca\/"},{"@type":"ListItem","position":2,"name":"Protagonistes"}]},{"@type":"WebSite","@id":"https:\/\/festivalorigenes.com\/ca\/#website","url":"https:\/\/festivalorigenes.com\/ca\/","name":"or\u00edGenes - Festival Gastron\u00f2mic","description":"","publisher":{"@id":"https:\/\/festivalorigenes.com\/ca\/#organization"},"potentialAction":[{"@type":"SearchAction","target":{"@type":"EntryPoint","urlTemplate":"https:\/\/festivalorigenes.com\/ca\/?s={search_term_string}"},"query-input":{"@type":"PropertyValueSpecification","valueRequired":true,"valueName":"search_term_string"}}],"inLanguage":"ca"},{"@type":"Organization","@id":"https:\/\/festivalorigenes.com\/ca\/#organization","name":"or\u00edGenes Festival Gastron\u00f2mic","url":"https:\/\/festivalorigenes.com\/ca\/","logo":{"@type":"ImageObject","inLanguage":"ca","@id":"https:\/\/festivalorigenes.com\/ca\/#\/schema\/logo\/image\/","url":"https:\/\/festivalorigenes.com\/wp-content\/uploads\/2020\/11\/124151422_123321709577698_694323274832345559_n.png","contentUrl":"https:\/\/festivalorigenes.com\/wp-content\/uploads\/2020\/11\/124151422_123321709577698_694323274832345559_n.png","width":401,"height":401,"caption":"or\u00edGenes Festival Gastron\u00f2mic"},"image":{"@id":"https:\/\/festivalorigenes.com\/ca\/#\/schema\/logo\/image\/"},"sameAs":["https:\/\/www.facebook.com\/origenesfestivalgastronomico\/","https:\/\/x.com\/origenesfest","https:\/\/www.instagram.com\/origenesfestivalgastronomico\/","https:\/\/www.linkedin.com\/company\/or\u00edgenes-festival-gastron\u00f3mico"]}]}},"_links":{"self":[{"href":"https:\/\/festivalorigenes.com\/ca\/wp-json\/wp\/v2\/pages\/3636","targetHints":{"allow":["GET"]}}],"collection":[{"href":"https:\/\/festivalorigenes.com\/ca\/wp-json\/wp\/v2\/pages"}],"about":[{"href":"https:\/\/festivalorigenes.com\/ca\/wp-json\/wp\/v2\/types\/page"}],"author":[{"embeddable":true,"href":"https:\/\/festivalorigenes.com\/ca\/wp-json\/wp\/v2\/users\/1"}],"replies":[{"embeddable":true,"href":"https:\/\/festivalorigenes.com\/ca\/wp-json\/wp\/v2\/comments?post=3636"}],"version-history":[{"count":92,"href":"https:\/\/festivalorigenes.com\/ca\/wp-json\/wp\/v2\/pages\/3636\/revisions"}],"predecessor-version":[{"id":9793,"href":"https:\/\/festivalorigenes.com\/ca\/wp-json\/wp\/v2\/pages\/3636\/revisions\/9793"}],"wp:attachment":[{"href":"https:\/\/festivalorigenes.com\/ca\/wp-json\/wp\/v2\/media?parent=3636"}],"curies":[{"name":"wp","href":"https:\/\/api.w.org\/{rel}","templated":true}]}}