{"id":8290,"date":"2022-12-22T17:27:48","date_gmt":"2022-12-22T17:27:48","guid":{"rendered":"https:\/\/festivalorigenes.com\/programa-2022\/"},"modified":"2022-12-22T20:05:48","modified_gmt":"2022-12-22T20:05:48","slug":"programa-2022","status":"publish","type":"page","link":"https:\/\/festivalorigenes.com\/ca\/programa-2022\/","title":{"rendered":"Programa 2022"},"content":{"rendered":"\t\t<div data-elementor-type=\"wp-page\" data-elementor-id=\"8290\" class=\"elementor elementor-8290 elementor-8133\" data-elementor-post-type=\"page\">\n\t\t\t\t\t\t<section class=\"elementor-section elementor-top-section elementor-element elementor-element-2602e18 elementor-section-full_width elementor-section-height-min-height elementor-section-height-default elementor-section-items-middle\" data-id=\"2602e18\" data-element_type=\"section\">\n\t\t\t\t\t\t\t<div class=\"elementor-background-overlay\"><\/div>\n\t\t\t\t\t\t\t<div class=\"elementor-container elementor-column-gap-default\">\n\t\t\t\t\t<div class=\"elementor-column elementor-col-100 elementor-top-column elementor-element elementor-element-b26dbcd\" data-id=\"b26dbcd\" data-element_type=\"column\">\n\t\t\t<div class=\"elementor-widget-wrap elementor-element-populated\">\n\t\t\t\t\t\t<div class=\"elementor-element elementor-element-098be73 elementor-widget elementor-widget-heading\" data-id=\"098be73\" data-element_type=\"widget\" data-widget_type=\"heading.default\">\n\t\t\t\t<div class=\"elementor-widget-container\">\n\t\t\t\t\t<h2 class=\"elementor-heading-title elementor-size-default\">PROGRAMA 2022<\/h2>\t\t\t\t<\/div>\n\t\t\t\t<\/div>\n\t\t\t\t\t<\/div>\n\t\t<\/div>\n\t\t\t\t\t<\/div>\n\t\t<\/section>\n\t\t\t\t<section class=\"elementor-section elementor-top-section elementor-element elementor-element-0d707c1 elementor-section-boxed elementor-section-height-default elementor-section-height-default\" data-id=\"0d707c1\" data-element_type=\"section\">\n\t\t\t\t\t\t<div class=\"elementor-container elementor-column-gap-default\">\n\t\t\t\t\t<div class=\"elementor-column elementor-col-100 elementor-top-column elementor-element elementor-element-a14c854\" data-id=\"a14c854\" data-element_type=\"column\">\n\t\t\t<div class=\"elementor-widget-wrap elementor-element-populated\">\n\t\t\t\t\t\t<div class=\"elementor-element elementor-element-bac9062 elementor-widget elementor-widget-heading\" data-id=\"bac9062\" data-element_type=\"widget\" data-widget_type=\"heading.default\">\n\t\t\t\t<div class=\"elementor-widget-container\">\n\t\t\t\t\t<h2 class=\"elementor-heading-title elementor-size-default\">El m\u00e9s important de qualsevol viatge \u00e9s sentir, descobrir, crear connexions i que al tornar no siguis la mateixa persona que va marxar<\/h2>\t\t\t\t<\/div>\n\t\t\t\t<\/div>\n\t\t\t\t\t<\/div>\n\t\t<\/div>\n\t\t\t\t\t<\/div>\n\t\t<\/section>\n\t\t\t\t<section class=\"elementor-section elementor-top-section elementor-element elementor-element-a6a1fff elementor-section-boxed elementor-section-height-default elementor-section-height-default\" data-id=\"a6a1fff\" data-element_type=\"section\" data-settings=\"{&quot;background_background&quot;:&quot;classic&quot;}\">\n\t\t\t\t\t\t<div class=\"elementor-container elementor-column-gap-no\">\n\t\t\t\t\t<div class=\"elementor-column elementor-col-100 elementor-top-column elementor-element elementor-element-101250a\" data-id=\"101250a\" data-element_type=\"column\">\n\t\t\t<div class=\"elementor-widget-wrap elementor-element-populated\">\n\t\t\t\t\t\t<div class=\"elementor-element elementor-element-e11624a elementor-widget elementor-widget-text-editor\" data-id=\"e11624a\" data-element_type=\"widget\" data-widget_type=\"text-editor.default\">\n\t\t\t\t<div class=\"elementor-widget-container\">\n\t\t\t\t\t\t\t\t\t<p class=\"p1\"><span class=\"s1\">Els viatges memorables es repeteixen\u2026 ens veiem el 2023!<\/span><\/p>\n\t\t\t\t\t\t\t\t<\/div>\n\t\t\t\t<\/div>\n\t\t\t\t\t<\/div>\n\t\t<\/div>\n\t\t\t\t\t<\/div>\n\t\t<\/section>\n\t\t\t\t<section class=\"elementor-section elementor-top-section elementor-element elementor-element-b424ec0 elementor-reverse-mobile elementor-section-boxed elementor-section-height-default elementor-section-height-default\" data-id=\"b424ec0\" data-element_type=\"section\">\n\t\t\t\t\t\t<div class=\"elementor-container elementor-column-gap-default\">\n\t\t\t\t\t<div class=\"elementor-column elementor-col-50 elementor-top-column elementor-element elementor-element-5481d96\" data-id=\"5481d96\" data-element_type=\"column\">\n\t\t\t<div class=\"elementor-widget-wrap elementor-element-populated\">\n\t\t\t\t\t\t<div class=\"elementor-element elementor-element-c624e24 elementor-widget elementor-widget-image\" data-id=\"c624e24\" data-element_type=\"widget\" data-widget_type=\"image.default\">\n\t\t\t\t<div class=\"elementor-widget-container\">\n\t\t\t\t\t\t\t\t\t\t\t\t\t\t\t<img fetchpriority=\"high\" decoding=\"async\" width=\"1000\" height=\"619\" src=\"https:\/\/festivalorigenes.com\/wp-content\/uploads\/2021\/10\/pasaporte-viaje-gastronomico-festival-origenes.jpg\" class=\"attachment-large size-large wp-image-5761\" alt=\"\" srcset=\"https:\/\/festivalorigenes.com\/wp-content\/uploads\/2021\/10\/pasaporte-viaje-gastronomico-festival-origenes.jpg 1000w, https:\/\/festivalorigenes.com\/wp-content\/uploads\/2021\/10\/pasaporte-viaje-gastronomico-festival-origenes-300x186.jpg 300w, https:\/\/festivalorigenes.com\/wp-content\/uploads\/2021\/10\/pasaporte-viaje-gastronomico-festival-origenes-768x475.jpg 768w\" sizes=\"(max-width: 1000px) 100vw, 1000px\" \/>\t\t\t\t\t\t\t\t\t\t\t\t\t\t\t<\/div>\n\t\t\t\t<\/div>\n\t\t\t\t<div class=\"elementor-element elementor-element-34891cf elementor-widget elementor-widget-image\" data-id=\"34891cf\" data-element_type=\"widget\" data-widget_type=\"image.default\">\n\t\t\t\t<div class=\"elementor-widget-container\">\n\t\t\t\t\t\t\t\t\t\t\t\t\t\t\t<img decoding=\"async\" width=\"1000\" height=\"619\" src=\"https:\/\/festivalorigenes.com\/wp-content\/uploads\/2021\/10\/mapa-2021-festival-origenes.jpg\" class=\"attachment-large size-large wp-image-5755\" alt=\"\" srcset=\"https:\/\/festivalorigenes.com\/wp-content\/uploads\/2021\/10\/mapa-2021-festival-origenes.jpg 1000w, https:\/\/festivalorigenes.com\/wp-content\/uploads\/2021\/10\/mapa-2021-festival-origenes-300x186.jpg 300w, https:\/\/festivalorigenes.com\/wp-content\/uploads\/2021\/10\/mapa-2021-festival-origenes-768x475.jpg 768w\" sizes=\"(max-width: 1000px) 100vw, 1000px\" \/>\t\t\t\t\t\t\t\t\t\t\t\t\t\t\t<\/div>\n\t\t\t\t<\/div>\n\t\t\t\t\t<\/div>\n\t\t<\/div>\n\t\t\t\t<div class=\"elementor-column elementor-col-50 elementor-top-column elementor-element elementor-element-c5150ca\" data-id=\"c5150ca\" data-element_type=\"column\">\n\t\t\t<div class=\"elementor-widget-wrap elementor-element-populated\">\n\t\t\t\t\t\t<div class=\"elementor-element elementor-element-d28885a elementor-widget elementor-widget-image\" data-id=\"d28885a\" data-element_type=\"widget\" data-widget_type=\"image.default\">\n\t\t\t\t<div class=\"elementor-widget-container\">\n\t\t\t\t\t\t\t\t\t\t\t\t\t\t\t<img decoding=\"async\" width=\"827\" height=\"1024\" src=\"https:\/\/festivalorigenes.com\/wp-content\/uploads\/2022\/12\/progama-2022-festival-origenes-827x1024.jpg\" class=\"attachment-large size-large wp-image-8286\" alt=\"Programa 2022 - Festival Gastron\u00f3mico or\u00edGenes\" srcset=\"https:\/\/festivalorigenes.com\/wp-content\/uploads\/2022\/12\/progama-2022-festival-origenes-827x1024.jpg 827w, https:\/\/festivalorigenes.com\/wp-content\/uploads\/2022\/12\/progama-2022-festival-origenes-242x300.jpg 242w, https:\/\/festivalorigenes.com\/wp-content\/uploads\/2022\/12\/progama-2022-festival-origenes-768x951.jpg 768w, https:\/\/festivalorigenes.com\/wp-content\/uploads\/2022\/12\/progama-2022-festival-origenes.jpg 1000w\" sizes=\"(max-width: 827px) 100vw, 827px\" \/>\t\t\t\t\t\t\t\t\t\t\t\t\t\t\t<\/div>\n\t\t\t\t<\/div>\n\t\t\t\t\t<\/div>\n\t\t<\/div>\n\t\t\t\t\t<\/div>\n\t\t<\/section>\n\t\t\t\t<section class=\"elementor-section elementor-top-section elementor-element elementor-element-a3ed38b elementor-section-boxed elementor-section-height-default elementor-section-height-default\" data-id=\"a3ed38b\" data-element_type=\"section\" data-settings=\"{&quot;background_background&quot;:&quot;classic&quot;}\">\n\t\t\t\t\t\t\t<div class=\"elementor-background-overlay\"><\/div>\n\t\t\t\t\t\t\t<div class=\"elementor-container elementor-column-gap-default\">\n\t\t\t\t\t<div class=\"elementor-column elementor-col-50 elementor-top-column elementor-element elementor-element-6200ce1\" data-id=\"6200ce1\" data-element_type=\"column\">\n\t\t\t<div class=\"elementor-widget-wrap elementor-element-populated\">\n\t\t\t\t\t\t<div class=\"elementor-element elementor-element-c84b461 elementor-widget elementor-widget-heading\" data-id=\"c84b461\" data-element_type=\"widget\" data-widget_type=\"heading.default\">\n\t\t\t\t<div class=\"elementor-widget-container\">\n\t\t\t\t\t<h5 class=\"elementor-heading-title elementor-size-large\">Inscriu-te i <br>disfruta del viatge<\/h5>\t\t\t\t<\/div>\n\t\t\t\t<\/div>\n\t\t\t\t\t<\/div>\n\t\t<\/div>\n\t\t\t\t<div class=\"elementor-column elementor-col-50 elementor-top-column elementor-element elementor-element-d67f80f\" data-id=\"d67f80f\" data-element_type=\"column\">\n\t\t\t<div class=\"elementor-widget-wrap elementor-element-populated\">\n\t\t\t\t\t\t<div class=\"elementor-element elementor-element-b3d3455 elementor-widget elementor-widget-html\" data-id=\"b3d3455\" data-element_type=\"widget\" data-widget_type=\"html.default\">\n\t\t\t\t<div class=\"elementor-widget-container\">\n\t\t\t\t\t<script>(function() {\n\twindow.mc4wp = window.mc4wp || {\n\t\tlisteners: [],\n\t\tforms: {\n\t\t\ton: function(evt, cb) {\n\t\t\t\twindow.mc4wp.listeners.push(\n\t\t\t\t\t{\n\t\t\t\t\t\tevent   : evt,\n\t\t\t\t\t\tcallback: cb\n\t\t\t\t\t}\n\t\t\t\t);\n\t\t\t}\n\t\t}\n\t}\n})();\n<\/script><!-- Mailchimp for WordPress v4.10.6 - https:\/\/wordpress.org\/plugins\/mailchimp-for-wp\/ --><form id=\"mc4wp-form-1\" class=\"mc4wp-form mc4wp-form-3716 mc4wp-form-basic\" method=\"post\" data-id=\"3716\" data-name=\"Newsletter - CAT\" ><div class=\"mc4wp-form-fields\"><p>\r\n\t<label>\r\n\t\t<input type=\"text\" name=\"FNAME\" placeholder=\"Nom*\" required=\"\">\r\n<\/label>\r\n\r\n<\/p>\r\n<p>\r\n\t<label>\r\n\t\t<input type=\"email\" name=\"EMAIL\" placeholder=\"Email*\" required=\"\">\r\n<\/label>\r\n<\/p>\r\n  <p>\r\n\t<input type=\"submit\" value=\"Enviar\">\r\n<\/p>\r\n\r\n<p>\r\n    <label>\r\n        <input name=\"AGREE_TO_TERMS\" type=\"checkbox\" value=\"1\" required=\"\">He llegit i accepto els <a href=\"https:\/\/festivalorigenes.com\/ca\/politica-de-privacitat\/\" target=\"_blank\" rel=\"noopener\">termes i condicions<\/a>\r\n    <\/label>\r\n<\/p>\r\n<\/div><label style=\"display: none !important;\">Leave this field empty if you're human: <input type=\"text\" name=\"_mc4wp_honeypot\" value=\"\" tabindex=\"-1\" autocomplete=\"off\" \/><\/label><input type=\"hidden\" name=\"_mc4wp_timestamp\" value=\"1776389747\" \/><input type=\"hidden\" name=\"_mc4wp_form_id\" value=\"3716\" \/><input type=\"hidden\" name=\"_mc4wp_form_element_id\" value=\"mc4wp-form-1\" \/><div class=\"mc4wp-response\"><\/div><\/form><!-- \/ Mailchimp for WordPress Plugin -->\t\t\t\t<\/div>\n\t\t\t\t<\/div>\n\t\t\t\t\t<\/div>\n\t\t<\/div>\n\t\t\t\t\t<\/div>\n\t\t<\/section>\n\t\t\t\t<\/div>\n\t\t","protected":false},"excerpt":{"rendered":"<p>PROGRAMA 2022 El m\u00e9s important de qualsevol viatge \u00e9s sentir, descobrir, crear connexions i que al tornar no siguis la mateixa persona que va marxar Els viatges memorables es repeteixen\u2026 ens veiem el 2023! Inscriu-te i disfruta del viatge<\/p>\n","protected":false},"author":1,"featured_media":0,"parent":0,"menu_order":0,"comment_status":"closed","ping_status":"closed","template":"","meta":{"site-sidebar-layout":"no-sidebar","site-content-layout":"page-builder","ast-site-content-layout":"default","site-content-style":"default","site-sidebar-style":"default","ast-global-header-display":"","ast-banner-title-visibility":"","ast-main-header-display":"","ast-hfb-above-header-display":"","ast-hfb-below-header-display":"","ast-hfb-mobile-header-display":"","site-post-title":"disabled","ast-breadcrumbs-content":"","ast-featured-img":"disabled","footer-sml-layout":"","theme-transparent-header-meta":"disabled","adv-header-id-meta":"","stick-header-meta":"","header-above-stick-meta":"","header-main-stick-meta":"","header-below-stick-meta":null,"astra-migrate-meta-layouts":"default","ast-page-background-enabled":"default","ast-page-background-meta":{"desktop":{"background-color":"","background-image":"","background-repeat":"repeat","background-position":"center center","background-size":"auto","background-attachment":"scroll","background-type":"","background-media":"","overlay-type":"","overlay-color":"","overlay-opacity":"","overlay-gradient":""},"tablet":{"background-color":"","background-image":"","background-repeat":"repeat","background-position":"center center","background-size":"auto","background-attachment":"scroll","background-type":"","background-media":"","overlay-type":"","overlay-color":"","overlay-opacity":"","overlay-gradient":""},"mobile":{"background-color":"","background-image":"","background-repeat":"repeat","background-position":"center center","background-size":"auto","background-attachment":"scroll","background-type":"","background-media":"","overlay-type":"","overlay-color":"","overlay-opacity":"","overlay-gradient":""}},"ast-content-background-meta":{"desktop":{"background-color":"var(--ast-global-color-5)","background-image":"","background-repeat":"repeat","background-position":"center center","background-size":"auto","background-attachment":"scroll","background-type":"","background-media":"","overlay-type":"","overlay-color":"","overlay-opacity":"","overlay-gradient":""},"tablet":{"background-color":"var(--ast-global-color-5)","background-image":"","background-repeat":"repeat","background-position":"center center","background-size":"auto","background-attachment":"scroll","background-type":"","background-media":"","overlay-type":"","overlay-color":"","overlay-opacity":"","overlay-gradient":""},"mobile":{"background-color":"var(--ast-global-color-5)","background-image":"","background-repeat":"repeat","background-position":"center center","background-size":"auto","background-attachment":"scroll","background-type":"","background-media":"","overlay-type":"","overlay-color":"","overlay-opacity":"","overlay-gradient":""}},"footnotes":""},"class_list":["post-8290","page","type-page","status-publish","hentry"],"yoast_head":"<!-- This site is optimized with the Yoast SEO plugin v25.7 - https:\/\/yoast.com\/wordpress\/plugins\/seo\/ -->\n<title>Programa 2022 - or\u00edGenes - Festival Gastron\u00f2mic<\/title>\n<meta name=\"description\" content=\"Explora el programa de la segona edici\u00f3 del festival gastron\u00f2mic or\u00edGens, molt m\u00e9s que una experi\u00e8ncia gastron\u00f2mica.\" \/>\n<meta name=\"robots\" content=\"index, follow, max-snippet:-1, max-image-preview:large, max-video-preview:-1\" \/>\n<link rel=\"canonical\" href=\"https:\/\/festivalorigenes.com\/ca\/programa-2022\/\" \/>\n<meta property=\"og:locale\" content=\"ca_ES\" \/>\n<meta property=\"og:type\" content=\"article\" \/>\n<meta property=\"og:title\" content=\"Programa 2022 - or\u00edGenes - Festival Gastron\u00f2mic\" \/>\n<meta property=\"og:description\" content=\"Explora el programa de la segona edici\u00f3 del festival gastron\u00f2mic or\u00edGens, molt m\u00e9s que una experi\u00e8ncia gastron\u00f2mica.\" \/>\n<meta property=\"og:url\" content=\"https:\/\/festivalorigenes.com\/ca\/programa-2022\/\" \/>\n<meta property=\"og:site_name\" content=\"or\u00edGenes - Festival Gastron\u00f2mic\" \/>\n<meta property=\"article:publisher\" content=\"https:\/\/www.facebook.com\/origenesfestivalgastronomico\/\" \/>\n<meta property=\"article:modified_time\" content=\"2022-12-22T20:05:48+00:00\" \/>\n<meta property=\"og:image\" content=\"https:\/\/festivalorigenes.com\/wp-content\/uploads\/2021\/10\/pasaporte-viaje-gastronomico-festival-origenes.jpg\" \/>\n<meta name=\"twitter:card\" content=\"summary_large_image\" \/>\n<meta name=\"twitter:site\" content=\"@origenesfest\" \/>\n<meta name=\"twitter:label1\" content=\"Temps estimat de lectura\" \/>\n\t<meta name=\"twitter:data1\" content=\"1 minut\" \/>\n<script type=\"application\/ld+json\" class=\"yoast-schema-graph\">{\"@context\":\"https:\/\/schema.org\",\"@graph\":[{\"@type\":\"WebPage\",\"@id\":\"https:\/\/festivalorigenes.com\/ca\/programa-2022\/\",\"url\":\"https:\/\/festivalorigenes.com\/ca\/programa-2022\/\",\"name\":\"Programa 2022 - or\u00edGenes - Festival Gastron\u00f2mic\",\"isPartOf\":{\"@id\":\"https:\/\/festivalorigenes.com\/ca\/#website\"},\"primaryImageOfPage\":{\"@id\":\"https:\/\/festivalorigenes.com\/ca\/programa-2022\/#primaryimage\"},\"image\":{\"@id\":\"https:\/\/festivalorigenes.com\/ca\/programa-2022\/#primaryimage\"},\"thumbnailUrl\":\"https:\/\/festivalorigenes.com\/wp-content\/uploads\/2021\/10\/pasaporte-viaje-gastronomico-festival-origenes.jpg\",\"datePublished\":\"2022-12-22T17:27:48+00:00\",\"dateModified\":\"2022-12-22T20:05:48+00:00\",\"description\":\"Explora el programa de la segona edici\u00f3 del festival gastron\u00f2mic or\u00edGens, molt m\u00e9s que una experi\u00e8ncia gastron\u00f2mica.\",\"breadcrumb\":{\"@id\":\"https:\/\/festivalorigenes.com\/ca\/programa-2022\/#breadcrumb\"},\"inLanguage\":\"ca\",\"potentialAction\":[{\"@type\":\"ReadAction\",\"target\":[\"https:\/\/festivalorigenes.com\/ca\/programa-2022\/\"]}]},{\"@type\":\"ImageObject\",\"inLanguage\":\"ca\",\"@id\":\"https:\/\/festivalorigenes.com\/ca\/programa-2022\/#primaryimage\",\"url\":\"https:\/\/festivalorigenes.com\/wp-content\/uploads\/2021\/10\/pasaporte-viaje-gastronomico-festival-origenes.jpg\",\"contentUrl\":\"https:\/\/festivalorigenes.com\/wp-content\/uploads\/2021\/10\/pasaporte-viaje-gastronomico-festival-origenes.jpg\"},{\"@type\":\"BreadcrumbList\",\"@id\":\"https:\/\/festivalorigenes.com\/ca\/programa-2022\/#breadcrumb\",\"itemListElement\":[{\"@type\":\"ListItem\",\"position\":1,\"name\":\"Portada\",\"item\":\"https:\/\/festivalorigenes.com\/ca\/\"},{\"@type\":\"ListItem\",\"position\":2,\"name\":\"Programa 2022\"}]},{\"@type\":\"WebSite\",\"@id\":\"https:\/\/festivalorigenes.com\/ca\/#website\",\"url\":\"https:\/\/festivalorigenes.com\/ca\/\",\"name\":\"or\u00edGenes - Festival Gastron\u00f2mic\",\"description\":\"\",\"publisher\":{\"@id\":\"https:\/\/festivalorigenes.com\/ca\/#organization\"},\"potentialAction\":[{\"@type\":\"SearchAction\",\"target\":{\"@type\":\"EntryPoint\",\"urlTemplate\":\"https:\/\/festivalorigenes.com\/ca\/?s={search_term_string}\"},\"query-input\":{\"@type\":\"PropertyValueSpecification\",\"valueRequired\":true,\"valueName\":\"search_term_string\"}}],\"inLanguage\":\"ca\"},{\"@type\":\"Organization\",\"@id\":\"https:\/\/festivalorigenes.com\/ca\/#organization\",\"name\":\"or\u00edGenes Festival Gastron\u00f2mic\",\"url\":\"https:\/\/festivalorigenes.com\/ca\/\",\"logo\":{\"@type\":\"ImageObject\",\"inLanguage\":\"ca\",\"@id\":\"https:\/\/festivalorigenes.com\/ca\/#\/schema\/logo\/image\/\",\"url\":\"https:\/\/festivalorigenes.com\/wp-content\/uploads\/2020\/11\/124151422_123321709577698_694323274832345559_n.png\",\"contentUrl\":\"https:\/\/festivalorigenes.com\/wp-content\/uploads\/2020\/11\/124151422_123321709577698_694323274832345559_n.png\",\"width\":401,\"height\":401,\"caption\":\"or\u00edGenes Festival Gastron\u00f2mic\"},\"image\":{\"@id\":\"https:\/\/festivalorigenes.com\/ca\/#\/schema\/logo\/image\/\"},\"sameAs\":[\"https:\/\/www.facebook.com\/origenesfestivalgastronomico\/\",\"https:\/\/x.com\/origenesfest\",\"https:\/\/www.instagram.com\/origenesfestivalgastronomico\/\",\"https:\/\/www.linkedin.com\/company\/or\u00edgenes-festival-gastron\u00f3mico\"]}]}<\/script>\n<!-- \/ Yoast SEO plugin. -->","yoast_head_json":{"title":"Programa 2022 - or\u00edGenes - Festival Gastron\u00f2mic","description":"Explora el programa de la segona edici\u00f3 del festival gastron\u00f2mic or\u00edGens, molt m\u00e9s que una experi\u00e8ncia gastron\u00f2mica.","robots":{"index":"index","follow":"follow","max-snippet":"max-snippet:-1","max-image-preview":"max-image-preview:large","max-video-preview":"max-video-preview:-1"},"canonical":"https:\/\/festivalorigenes.com\/ca\/programa-2022\/","og_locale":"ca_ES","og_type":"article","og_title":"Programa 2022 - or\u00edGenes - Festival Gastron\u00f2mic","og_description":"Explora el programa de la segona edici\u00f3 del festival gastron\u00f2mic or\u00edGens, molt m\u00e9s que una experi\u00e8ncia gastron\u00f2mica.","og_url":"https:\/\/festivalorigenes.com\/ca\/programa-2022\/","og_site_name":"or\u00edGenes - Festival Gastron\u00f2mic","article_publisher":"https:\/\/www.facebook.com\/origenesfestivalgastronomico\/","article_modified_time":"2022-12-22T20:05:48+00:00","og_image":[{"url":"https:\/\/festivalorigenes.com\/wp-content\/uploads\/2021\/10\/pasaporte-viaje-gastronomico-festival-origenes.jpg","type":"","width":"","height":""}],"twitter_card":"summary_large_image","twitter_site":"@origenesfest","twitter_misc":{"Temps estimat de lectura":"1 minut"},"schema":{"@context":"https:\/\/schema.org","@graph":[{"@type":"WebPage","@id":"https:\/\/festivalorigenes.com\/ca\/programa-2022\/","url":"https:\/\/festivalorigenes.com\/ca\/programa-2022\/","name":"Programa 2022 - or\u00edGenes - Festival Gastron\u00f2mic","isPartOf":{"@id":"https:\/\/festivalorigenes.com\/ca\/#website"},"primaryImageOfPage":{"@id":"https:\/\/festivalorigenes.com\/ca\/programa-2022\/#primaryimage"},"image":{"@id":"https:\/\/festivalorigenes.com\/ca\/programa-2022\/#primaryimage"},"thumbnailUrl":"https:\/\/festivalorigenes.com\/wp-content\/uploads\/2021\/10\/pasaporte-viaje-gastronomico-festival-origenes.jpg","datePublished":"2022-12-22T17:27:48+00:00","dateModified":"2022-12-22T20:05:48+00:00","description":"Explora el programa de la segona edici\u00f3 del festival gastron\u00f2mic or\u00edGens, molt m\u00e9s que una experi\u00e8ncia gastron\u00f2mica.","breadcrumb":{"@id":"https:\/\/festivalorigenes.com\/ca\/programa-2022\/#breadcrumb"},"inLanguage":"ca","potentialAction":[{"@type":"ReadAction","target":["https:\/\/festivalorigenes.com\/ca\/programa-2022\/"]}]},{"@type":"ImageObject","inLanguage":"ca","@id":"https:\/\/festivalorigenes.com\/ca\/programa-2022\/#primaryimage","url":"https:\/\/festivalorigenes.com\/wp-content\/uploads\/2021\/10\/pasaporte-viaje-gastronomico-festival-origenes.jpg","contentUrl":"https:\/\/festivalorigenes.com\/wp-content\/uploads\/2021\/10\/pasaporte-viaje-gastronomico-festival-origenes.jpg"},{"@type":"BreadcrumbList","@id":"https:\/\/festivalorigenes.com\/ca\/programa-2022\/#breadcrumb","itemListElement":[{"@type":"ListItem","position":1,"name":"Portada","item":"https:\/\/festivalorigenes.com\/ca\/"},{"@type":"ListItem","position":2,"name":"Programa 2022"}]},{"@type":"WebSite","@id":"https:\/\/festivalorigenes.com\/ca\/#website","url":"https:\/\/festivalorigenes.com\/ca\/","name":"or\u00edGenes - Festival Gastron\u00f2mic","description":"","publisher":{"@id":"https:\/\/festivalorigenes.com\/ca\/#organization"},"potentialAction":[{"@type":"SearchAction","target":{"@type":"EntryPoint","urlTemplate":"https:\/\/festivalorigenes.com\/ca\/?s={search_term_string}"},"query-input":{"@type":"PropertyValueSpecification","valueRequired":true,"valueName":"search_term_string"}}],"inLanguage":"ca"},{"@type":"Organization","@id":"https:\/\/festivalorigenes.com\/ca\/#organization","name":"or\u00edGenes Festival Gastron\u00f2mic","url":"https:\/\/festivalorigenes.com\/ca\/","logo":{"@type":"ImageObject","inLanguage":"ca","@id":"https:\/\/festivalorigenes.com\/ca\/#\/schema\/logo\/image\/","url":"https:\/\/festivalorigenes.com\/wp-content\/uploads\/2020\/11\/124151422_123321709577698_694323274832345559_n.png","contentUrl":"https:\/\/festivalorigenes.com\/wp-content\/uploads\/2020\/11\/124151422_123321709577698_694323274832345559_n.png","width":401,"height":401,"caption":"or\u00edGenes Festival Gastron\u00f2mic"},"image":{"@id":"https:\/\/festivalorigenes.com\/ca\/#\/schema\/logo\/image\/"},"sameAs":["https:\/\/www.facebook.com\/origenesfestivalgastronomico\/","https:\/\/x.com\/origenesfest","https:\/\/www.instagram.com\/origenesfestivalgastronomico\/","https:\/\/www.linkedin.com\/company\/or\u00edgenes-festival-gastron\u00f3mico"]}]}},"_links":{"self":[{"href":"https:\/\/festivalorigenes.com\/ca\/wp-json\/wp\/v2\/pages\/8290","targetHints":{"allow":["GET"]}}],"collection":[{"href":"https:\/\/festivalorigenes.com\/ca\/wp-json\/wp\/v2\/pages"}],"about":[{"href":"https:\/\/festivalorigenes.com\/ca\/wp-json\/wp\/v2\/types\/page"}],"author":[{"embeddable":true,"href":"https:\/\/festivalorigenes.com\/ca\/wp-json\/wp\/v2\/users\/1"}],"replies":[{"embeddable":true,"href":"https:\/\/festivalorigenes.com\/ca\/wp-json\/wp\/v2\/comments?post=8290"}],"version-history":[{"count":2,"href":"https:\/\/festivalorigenes.com\/ca\/wp-json\/wp\/v2\/pages\/8290\/revisions"}],"predecessor-version":[{"id":8407,"href":"https:\/\/festivalorigenes.com\/ca\/wp-json\/wp\/v2\/pages\/8290\/revisions\/8407"}],"wp:attachment":[{"href":"https:\/\/festivalorigenes.com\/ca\/wp-json\/wp\/v2\/media?parent=8290"}],"curies":[{"name":"wp","href":"https:\/\/api.w.org\/{rel}","templated":true}]}}